{"id":15363,"date":"2026-04-01T22:54:48","date_gmt":"2026-04-01T20:54:48","guid":{"rendered":"https:\/\/waycare.app\/?page_id=15363"},"modified":"2026-04-17T11:29:22","modified_gmt":"2026-04-17T09:29:22","slug":"android-beta-testeur","status":"publish","type":"page","link":"https:\/\/waycare.app\/en\/android-beta-testeur\/","title":{"rendered":"Android Beta Testeur"},"content":{"rendered":"<div data-elementor-type=\"wp-page\" data-elementor-id=\"15363\" class=\"elementor elementor-15363\" data-elementor-post-type=\"page\">\n\t\t\t\t<div class=\"elementor-element elementor-element-ad2404b e-flex e-con-boxed e-con e-parent\" data-id=\"ad2404b\" data-element_type=\"container\" data-e-type=\"container\">\n\t\t\t\t\t<div class=\"e-con-inner\">\n\t\t\t\t<div class=\"elementor-element elementor-element-d0649ce mas-addons-sticky-no elementor-widget elementor-widget-heading\" data-id=\"d0649ce\" data-element_type=\"widget\" data-e-type=\"widget\" data-settings=\"{&quot;mas_addons_sticky&quot;:&quot;no&quot;}\" data-widget_type=\"heading.default\">\n\t\t\t\t<div class=\"elementor-widget-container\">\n\t\t\t\t\t<h2 class=\"elementor-heading-title elementor-size-default\">Rejoignez les premiers testeurs WayCare<\/h2>\t\t\t\t<\/div>\n\t\t\t\t<\/div>\n\t\t\t\t\t<\/div>\n\t\t\t\t<\/div>\n\t\t<div class=\"elementor-element elementor-element-8a81d50 e-flex e-con-boxed e-con e-parent\" data-id=\"8a81d50\" data-element_type=\"container\" data-e-type=\"container\">\n\t\t\t\t\t<div class=\"e-con-inner\">\n\t\t\t\t<div class=\"elementor-element elementor-element-7c8c3fa elementor-widget__width-initial elementor-widget-mobile__width-initial mas-addons-sticky-no elementor-widget elementor-widget-text-editor\" data-id=\"7c8c3fa\" data-element_type=\"widget\" data-e-type=\"widget\" data-settings=\"{&quot;mas_addons_sticky&quot;:&quot;no&quot;}\" data-widget_type=\"text-editor.default\">\n\t\t\t\t<div class=\"elementor-widget-container\">\n\t\t\t\t\t\t\t\t\t<div style=\"max-width: 560px; margin: 0 auto 32px; font-family: 'Figtree', sans-serif;\"><h2 style=\"font-size: 26px; font-weight: bold; color: #00134d; margin-bottom: 16px; line-height: 1.25;\">Soyez parmi les premiers \u00e0 bord<\/h2><p style=\"font-size: 16px; color: #444; line-height: 1.75; margin-bottom: 14px;\"><span style=\"text-align: var(--text-align); display: inline !important;\">Vous \u00eates-vous d\u00e9j\u00e0 retrouv\u00e9 \u00e0 la pompe, au garage ou en panne,\u00a0<\/span><span style=\"text-align: var(--text-align); display: inline !important;\">sans vraiment comprendre ce qui se passait avec votre voiture ?<\/span><\/p><p style=\"font-size: 16px; color: #444; line-height: 1.75; margin-bottom: 14px;\"><span style=\"text-align: var(--text-align); display: inline !important;\">WayCare change \u00e7a. Notre application analyse l&#8217;\u00e9tat de votre v\u00e9hicule\u00a0<\/span><\/p><p style=\"font-size: 16px; color: #444; line-height: 1.75; margin-bottom: 14px;\">en temps r\u00e9el, vous pr\u00e9vient avant les probl\u00e8mes, et vous guide\u00a0<\/p><p style=\"font-size: 16px; color: #444; line-height: 1.75; margin-bottom: 14px;\">simplement, comme un ange gardien \u00e0 bord.<\/p><p style=\"font-size: 16px; color: #444; line-height: 1.75; margin-bottom: 14px;\">Nous ouvrons l&#8217;acc\u00e8s en avant-premi\u00e8re \u00e0 un groupe limit\u00e9 de testeurs.\u00a0<\/p><p style=\"font-size: 16px; color: #444; line-height: 1.75; margin-bottom: 14px;\">Votre retour nous aidera \u00e0 affiner l&#8217;exp\u00e9rience avant le lancement officiel.<\/p><p style=\"font-size: 16px; font-weight: 600; color: #00134d; line-height: 1.75;\">C&#8217;est gratuit. C&#8217;est exclusif. Et vous serez les premiers.<\/p><\/div>\t\t\t\t\t\t\t\t<\/div>\n\t\t\t\t<\/div>\n\t\t\t\t<div class=\"elementor-element elementor-element-7ee9a32 mas-addons-sticky-no elementor-widget elementor-widget-image\" data-id=\"7ee9a32\" data-element_type=\"widget\" data-e-type=\"widget\" data-settings=\"{&quot;mas_addons_sticky&quot;:&quot;no&quot;}\" data-widget_type=\"image.default\">\n\t\t\t\t<div class=\"elementor-widget-container\">\n\t\t\t\t\t\t\t\t\t\t\t\t\t\t\t<img decoding=\"async\" src=\"https:\/\/waycare.app\/wp-content\/uploads\/elementor\/thumbs\/Group-1000002721-rlp0wpv8tcvrp0ure1xetrelp2lmna8flejh67gruo.png\" title=\"WayCare &#8211; L&#8217;ange gardien de votre voiture\" alt=\"WayCare - L&#039;ange gardien de votre voiture\" loading=\"lazy\" \/>\t\t\t\t\t\t\t\t\t\t\t\t\t\t\t<\/div>\n\t\t\t\t<\/div>\n\t\t\t\t\t<\/div>\n\t\t\t\t<\/div>\n\t\t<div class=\"elementor-element elementor-element-115c890 e-flex e-con-boxed e-con e-parent\" data-id=\"115c890\" data-element_type=\"container\" data-e-type=\"container\">\n\t\t\t\t\t<div class=\"e-con-inner\">\n\t\t\t\t<div class=\"elementor-element elementor-element-1b938f4 mas-addons-sticky-no elementor-widget elementor-widget-shortcode\" data-id=\"1b938f4\" data-element_type=\"widget\" data-e-type=\"widget\" data-settings=\"{&quot;mas_addons_sticky&quot;:&quot;no&quot;}\" data-widget_type=\"shortcode.default\">\n\t\t\t\t<div class=\"elementor-widget-container\">\n\t\t\t\t\t\t\t<div class=\"elementor-shortcode\"><div class=\"forminator-ui forminator-custom-form forminator-custom-form-15365 forminator-design--default  forminator_ajax\" data-forminator-render=\"0\" data-form=\"forminator-module-15365\" data-uid=\"69e66a99afbed\"><br\/><\/div><form\n\t\t\t\tid=\"forminator-module-15365\"\n\t\t\t\tclass=\"forminator-ui forminator-custom-form forminator-custom-form-15365 forminator-design--default  forminator_ajax\"\n\t\t\t\tmethod=\"post\"\n\t\t\t\tdata-forminator-render=\"0\"\n\t\t\t\tdata-form-id=\"15365\"\n\t\t\t\t data-color-option=\"theme\" data-design=\"default\" data-grid=\"open\" style=\"display: none;\"\n\t\t\t\tdata-uid=\"69e66a99afbed\" action=\"\"\n\t\t\t><div role=\"alert\" aria-live=\"polite\" class=\"forminator-response-message forminator-error\" aria-hidden=\"true\"><\/div><div class=\"forminator-row\"><div id=\"section-1\" class=\"forminator-field-section forminator-col forminator-col-12\"><div class=\"forminator-field\"><h3 class=\"forminator-subtitle\">Informations du contact<\/h3><\/div><\/div><\/div><div class=\"forminator-row\"><div id=\"name-1\" class=\"forminator-field-name forminator-col forminator-col-12\"><div class=\"forminator-row forminator-no-margin\" data-multiple=\"true\"><div class=\"forminator-col forminator-col-md-6\"><div class=\"forminator-field\"><label for=\"forminator-field-first-name-1_69e66a99afbed\" id=\"forminator-field-first-name-1_69e66a99afbed-label\" class=\"forminator-label\">First Name<\/label><input type=\"text\" name=\"name-1-first-name\" placeholder=\"\" id=\"forminator-field-first-name-1_69e66a99afbed\" class=\"forminator-input\" aria-required=\"false\" data-multi=\"1\" autocomplete=\"given-name\" value=\"\" \/><\/div><\/div><div class=\"forminator-col forminator-col-md-6\"><div class=\"forminator-field\"><label for=\"forminator-field-last-name-1_69e66a99afbed\" id=\"forminator-field-last-name-1_69e66a99afbed-label\" class=\"forminator-label\">Last Name<\/label><input type=\"text\" name=\"name-1-last-name\" placeholder=\"\" id=\"forminator-field-last-name-1_69e66a99afbed\" class=\"forminator-input\" aria-required=\"false\" data-multi=\"1\" autocomplete=\"family-name\" value=\"\" \/><\/div><\/div><\/div><\/div><\/div><div class=\"forminator-row\"><div id=\"email-1\" class=\"forminator-field-email forminator-col forminator-col-12\"><div class=\"forminator-field\"><label for=\"forminator-field-email-1_69e66a99afbed\" id=\"forminator-field-email-1_69e66a99afbed-label\" class=\"forminator-label\">Email address <span class=\"forminator-required\">*<\/span><\/label><span id=\"forminator-field-email-1_69e66a99afbed-description\" class=\"forminator-description\">Une adresse Gmail est requise pour acc\u00e9der \u00e0 l'app via Google Play Console.<\/span><input type=\"email\" name=\"email-1\" value=\"\" placeholder=\"Email address\" id=\"forminator-field-email-1_69e66a99afbed\" class=\"forminator-input forminator-email--field\" data-required=\"1\" aria-required=\"true\" autocomplete=\"email\" aria-describedby=\"forminator-field-email-1_69e66a99afbed-description\" \/><\/div><\/div><\/div><div class=\"forminator-row\"><div id=\"select-1\" class=\"forminator-field-select forminator-col forminator-col-12\"><div class=\"forminator-field\"><label for=\"forminator-form-15365__field--select-1_69e66a99afbed\" id=\"forminator-form-15365__field--select-1_69e66a99afbed-label\" class=\"forminator-label\">S\u00e9lectionner<\/label><select  id=\"forminator-form-15365__field--select-1_69e66a99afbed\" class=\"forminator-select--field forminator-select2 forminator-select2-multiple\" data-required=\"\" name=\"select-1\" data-default-value=\"\" data-hidden-behavior=\"zero\" data-placeholder=\"La marque de votre voiture\" data-search=\"true\" data-search-placeholder=\"La marque de votre voiture\" data-checkbox=\"false\" data-allow-clear=\"false\" aria-labelledby=\"forminator-form-15365__field--select-1_69e66a99afbed-label\"><option value=\"\"  >La marque de votre voiture<\/option><option value=\"acura\"  data-calculation=\"0\">Acura<\/option><option value=\"alfa-romeo\"  data-calculation=\"0\">Alfa Romeo<\/option><option value=\"alpine\"  data-calculation=\"0\">Alpine<\/option><option value=\"aston-martin\"  data-calculation=\"0\">Aston Martin<\/option><option value=\"audi\"  data-calculation=\"0\">Audi<\/option><option value=\"bentley\"  data-calculation=\"0\">Bentley<\/option><option value=\"bmw\"  data-calculation=\"0\">BMW<\/option><option value=\"buick\"  data-calculation=\"0\">Buick<\/option><option value=\"byd\"  data-calculation=\"0\">BYD<\/option><option value=\"cadillac\"  data-calculation=\"0\">Cadillac<\/option><option value=\"chevrolet\"  data-calculation=\"0\">Chevrolet<\/option><option value=\"chrysler\"  data-calculation=\"0\">Chrysler<\/option><option value=\"citroen\"  data-calculation=\"0\">Citro\u00ebn<\/option><option value=\"cupra\"  data-calculation=\"0\">Cupra<\/option><option value=\"dacia\"  data-calculation=\"0\">Dacia<\/option><option value=\"daewoo\"  data-calculation=\"0\">Daewoo<\/option><option value=\"daihatsu\"  data-calculation=\"0\">Daihatsu<\/option><option value=\"dodge\"  data-calculation=\"0\">Dodge<\/option><option value=\"ds\"  data-calculation=\"0\">DS<\/option><option value=\"eagle\"  data-calculation=\"0\">Eagle<\/option><option value=\"ferrari\"  data-calculation=\"0\">Ferrari<\/option><option value=\"fiat\"  data-calculation=\"0\">Fiat<\/option><option value=\"fisker\"  data-calculation=\"0\">Fisker<\/option><option value=\"ford\"  data-calculation=\"0\">Ford<\/option><option value=\"freightliner\"  data-calculation=\"0\">Freightliner<\/option><option value=\"genesis\"  data-calculation=\"0\">Genesis<\/option><option value=\"geo\"  data-calculation=\"0\">Geo<\/option><option value=\"gmc\"  data-calculation=\"0\">GMC<\/option><option value=\"honda\"  data-calculation=\"0\">Honda<\/option><option value=\"hummer\"  data-calculation=\"0\">Hummer<\/option><option value=\"hyundai\"  data-calculation=\"0\">Hyundai<\/option><option value=\"infiniti\"  data-calculation=\"0\">Infiniti<\/option><option value=\"isuzu\"  data-calculation=\"0\">Isuzu<\/option><option value=\"jaguar\"  data-calculation=\"0\">Jaguar<\/option><option value=\"jeep\"  data-calculation=\"0\">Jeep<\/option><option value=\"kia\"  data-calculation=\"0\">Kia<\/option><option value=\"lamborghini\"  data-calculation=\"0\">Lamborghini<\/option><option value=\"lancia\"  data-calculation=\"0\">Lancia<\/option><option value=\"land-rover\"  data-calculation=\"0\">Land Rover<\/option><option value=\"lexus\"  data-calculation=\"0\">Lexus<\/option><option value=\"lincoln\"  data-calculation=\"0\">Lincoln<\/option><option value=\"lotus\"  data-calculation=\"0\">Lotus<\/option><option value=\"lucid\"  data-calculation=\"0\">Lucid<\/option><option value=\"maserati\"  data-calculation=\"0\">Maserati<\/option><option value=\"maybach\"  data-calculation=\"0\">Maybach<\/option><option value=\"mazda\"  data-calculation=\"0\">Mazda<\/option><option value=\"mclaren\"  data-calculation=\"0\">McLaren<\/option><option value=\"mercedes-benz\"  data-calculation=\"0\">Mercedes-Benz<\/option><option value=\"mercury\"  data-calculation=\"0\">Mercury<\/option><option value=\"mg\"  data-calculation=\"0\">MG<\/option><option value=\"mini\"  data-calculation=\"0\">MINI<\/option><option value=\"mitsubishi\"  data-calculation=\"0\">Mitsubishi<\/option><option value=\"nissan\"  data-calculation=\"0\">Nissan<\/option><option value=\"oldsmobile\"  data-calculation=\"0\">Oldsmobile<\/option><option value=\"opel\"  data-calculation=\"0\">Opel<\/option><option value=\"panoz\"  data-calculation=\"0\">Panoz<\/option><option value=\"peugeot\"  data-calculation=\"0\">Peugeot<\/option><option value=\"plymouth\"  data-calculation=\"0\">Plymouth<\/option><option value=\"polestar\"  data-calculation=\"0\">Polestar<\/option><option value=\"pontiac\"  data-calculation=\"0\">Pontiac<\/option><option value=\"porsche\"  data-calculation=\"0\">Porsche<\/option><option value=\"ram\"  data-calculation=\"0\">Ram<\/option><option value=\"renault\"  data-calculation=\"0\">Renault<\/option><option value=\"rivian\"  data-calculation=\"0\">Rivian<\/option><option value=\"rolls-royce\"  data-calculation=\"0\">Rolls-Royce<\/option><option value=\"saab\"  data-calculation=\"0\">Saab<\/option><option value=\"saturn\"  data-calculation=\"0\">Saturn<\/option><option value=\"scion\"  data-calculation=\"0\">Scion<\/option><option value=\"seat\"  data-calculation=\"0\">SEAT<\/option><option value=\"skoda\"  data-calculation=\"0\">\u0160koda<\/option><option value=\"smart\"  data-calculation=\"0\">Smart<\/option><option value=\"srt\"  data-calculation=\"0\">SRT<\/option><option value=\"subaru\"  data-calculation=\"0\">Subaru<\/option><option value=\"suzuki\"  data-calculation=\"0\">Suzuki<\/option><option value=\"tesla\"  data-calculation=\"0\">Tesla<\/option><option value=\"toyota\"  data-calculation=\"0\">Toyota<\/option><option value=\"vinfast\"  data-calculation=\"0\">VinFast<\/option><option value=\"volkswagen\"  data-calculation=\"0\">Volkswagen<\/option><option value=\"volvo\"  data-calculation=\"0\">Volvo<\/option><option value=\"custom_option\"  data-calculation=\"0\">Other<\/option><\/select><div class=\"forminator-field forminator-custom-input\"><input id=\"custom-forminator-form-15365__field--select-1_69e66a99afbed\" name=\"custom-select-1\" class=\"forminator-input\" aria-label=\"Other\" value=\"\" \/><\/div><\/div><\/div><\/div><input type=\"hidden\" name=\"referer_url\" value=\"\" \/><div class=\"forminator-row forminator-row-last\"><div class=\"forminator-col\"><div class=\"forminator-field\"><button class=\"forminator-button forminator-button-submit form-button\">Soumettre le formulaire<\/button><\/div><\/div><\/div><input type=\"hidden\" id=\"forminator_nonce\" name=\"forminator_nonce\" value=\"c9dc42f086\" \/><input type=\"hidden\" name=\"_wp_http_referer\" value=\"\/en\/wp-json\/wp\/v2\/pages\/15363\" \/><input type=\"hidden\" name=\"form_id\" value=\"15365\"><input type=\"hidden\" name=\"page_id\" value=\"15363\"><input type=\"hidden\" name=\"form_type\" value=\"default\"><input type=\"hidden\" name=\"current_url\" value=\"https:\/\/waycare.app\/en\/android-beta-testeur\/\"><input type=\"hidden\" name=\"render_id\" value=\"0\"><input type=\"hidden\" name=\"action\" value=\"forminator_submit_form_custom-forms\"><input type=\"hidden\" name=\"trp-form-language\" value=\"en\"\/><\/form><\/div>\n\t\t\t\t\t\t<\/div>\n\t\t\t\t<\/div>\n\t\t\t\t\t<\/div>\n\t\t\t\t<\/div>\n\t\t<div class=\"elementor-element elementor-element-223bd74 e-flex e-con-boxed e-con e-parent\" data-id=\"223bd74\" data-element_type=\"container\" data-e-type=\"container\">\n\t\t\t\t\t<div class=\"e-con-inner\">\n\t\t<div class=\"elementor-element elementor-element-1708199 e-grid e-con-full e-con e-child\" data-id=\"1708199\" data-element_type=\"container\" data-e-type=\"container\">\n\t\t\t\t<div class=\"elementor-element elementor-element-e5dd702 mas-addons-sticky-no elementor-widget elementor-widget-mas-addons-image-stack-group\" data-id=\"e5dd702\" data-element_type=\"widget\" data-e-type=\"widget\" data-settings=\"{&quot;mas_addons_sticky&quot;:&quot;no&quot;}\" data-widget_type=\"mas-addons-image-stack-group.default\">\n\t\t\t\t<div class=\"elementor-widget-container\">\n\t\t\t\t\t\r\n\t\t<div class=\"mas-cig\">\r\n\t\t\t<div  class=\"mas-cig-item mas-cig-item-outline elementor-repeater-item-adeb406\" ><img decoding=\"async\" src=\"https:\/\/waycare.app\/wp-content\/uploads\/2025\/09\/la-french-tech-tremplin-1.jpeg\" alt=\"\"><\/div><div  class=\"mas-cig-item mas-cig-item-outline elementor-repeater-item-69add3d\" ><img decoding=\"async\" src=\"https:\/\/waycare.app\/wp-content\/uploads\/2025\/09\/Startupact-1.jpeg\" alt=\"\"><\/div><div  class=\"mas-cig-item mas-cig-item-outline elementor-repeater-item-4191330\" ><img decoding=\"async\" src=\"https:\/\/waycare.app\/wp-content\/uploads\/2025\/09\/Actia.jpeg\" alt=\"\"><\/div><div  class=\"mas-cig-item mas-cig-item-outline elementor-repeater-item-9df1f36\" ><img decoding=\"async\" src=\"https:\/\/waycare.app\/wp-content\/uploads\/2025\/09\/AWS-Logo.jpeg\" alt=\"\"><\/div>\t\t<\/div>\r\n\r\n\t\t\t\t\t\t<\/div>\n\t\t\t\t<\/div>\n\t\t\t\t<div class=\"elementor-element elementor-element-f606ad9 mas-addons-sticky-no elementor-widget elementor-widget-html\" data-id=\"f606ad9\" data-element_type=\"widget\" data-e-type=\"widget\" data-settings=\"{&quot;mas_addons_sticky&quot;:&quot;no&quot;}\" data-widget_type=\"html.default\">\n\t\t\t\t<div class=\"elementor-widget-container\">\n\t\t\t\t\t<div id=\"ios-cta\" style=\"display:none; text-align:center; padding: 32px 16px;\">\n  <p style=\"font-size:17px; color:#00134D; font-weight:600; margin-bottom:16px;\">\n    \ud83c\udf4e Tu as un iPhone \u2014 l'app WayCare est disponible maintenant.\n  <\/p>\n  <a href=\"https:\/\/ksir.me\/WayCareIOS\" style=\"background-color:#4500F9; color:#fff; padding:14px 32px;            border-radius:10px; text-decoration:none; font-size:16px;            font-weight:bold; display:inline-block;\" target=\"_blank\" rel=\"noopener\">\n    T\u00e9l\u00e9charger sur l'App Store\n  <\/a>\n<\/div>\n\n<script>\n(function() {\n  var ua = navigator.userAgent || navigator.vendor || window.opera;\n  var isIOS = \/iPad|iPhone|iPod\/.test(ua) && !window.MSStream;\n  var isAndroid = \/android\/i.test(ua);\n\n  \/\/ S\u00e9lecteurs \u00e0 adapter si besoin selon les classes Forminator\/Elementor\n  var form = document.querySelector('.forminator-ui');\n  var iosCta = document.getElementById('ios-cta');\n\n  if (isIOS) {\n    if (form) form.closest('.elementor-widget').style.display = 'none';\n    if (iosCta) iosCta.style.display = 'block';\n  }\n\n  if (isAndroid) {\n    if (iosCta) iosCta.style.display = 'none';\n  }\n\n  \/\/ Desktop : on laisse tout visible, rien \u00e0 faire\n})();\n<\/script>\t\t\t\t<\/div>\n\t\t\t\t<\/div>\n\t\t\t\t<div class=\"elementor-element elementor-element-197d6ed elementor-widget-divider--view-line mas-addons-sticky-no elementor-widget elementor-widget-divider\" data-id=\"197d6ed\" data-element_type=\"widget\" data-e-type=\"widget\" data-settings=\"{&quot;mas_addons_sticky&quot;:&quot;no&quot;}\" data-widget_type=\"divider.default\">\n\t\t\t\t<div class=\"elementor-widget-container\">\n\t\t\t\t\t\t\t<div class=\"elementor-divider\">\n\t\t\t<span class=\"elementor-divider-separator\">\n\t\t\t\t\t\t<\/span>\n\t\t<\/div>\n\t\t\t\t\t\t<\/div>\n\t\t\t\t<\/div>\n\t\t\t\t<\/div>\n\t\t\t\t\t<\/div>\n\t\t\t\t<\/div>\n\t\t\t\t<\/div>","protected":false},"excerpt":{"rendered":"<p>Rejoignez les premiers testeurs WayCare Soyez parmi les premiers \u00e0 bord Vous \u00eates-vous d\u00e9j\u00e0 retrouv\u00e9 \u00e0 la pompe, au garage ou en panne,\u00a0sans vraiment comprendre ce qui se passait avec votre voiture ? WayCare change \u00e7a. Notre application analyse l&#8217;\u00e9tat de votre v\u00e9hicule\u00a0 en temps r\u00e9el, vous pr\u00e9vient avant les probl\u00e8mes, et vous guide\u00a0 simplement, [&hellip;]<\/p>","protected":false},"author":1,"featured_media":15390,"parent":0,"menu_order":0,"comment_status":"closed","ping_status":"closed","template":"elementor_canvas","meta":{"inline_featured_image":false,"footnotes":""},"class_list":["post-15363","page","type-page","status-publish","has-post-thumbnail","hentry"],"acf":[],"_links":{"self":[{"href":"https:\/\/waycare.app\/en\/wp-json\/wp\/v2\/pages\/15363","targetHints":{"allow":["GET"]}}],"collection":[{"href":"https:\/\/waycare.app\/en\/wp-json\/wp\/v2\/pages"}],"about":[{"href":"https:\/\/waycare.app\/en\/wp-json\/wp\/v2\/types\/page"}],"author":[{"embeddable":true,"href":"https:\/\/waycare.app\/en\/wp-json\/wp\/v2\/users\/1"}],"replies":[{"embeddable":true,"href":"https:\/\/waycare.app\/en\/wp-json\/wp\/v2\/comments?post=15363"}],"version-history":[{"count":24,"href":"https:\/\/waycare.app\/en\/wp-json\/wp\/v2\/pages\/15363\/revisions"}],"predecessor-version":[{"id":15415,"href":"https:\/\/waycare.app\/en\/wp-json\/wp\/v2\/pages\/15363\/revisions\/15415"}],"wp:featuredmedia":[{"embeddable":true,"href":"https:\/\/waycare.app\/en\/wp-json\/wp\/v2\/media\/15390"}],"wp:attachment":[{"href":"https:\/\/waycare.app\/en\/wp-json\/wp\/v2\/media?parent=15363"}],"curies":[{"name":"wp","href":"https:\/\/api.w.org\/{rel}","templated":true}]}}