{"id":15222,"date":"2025-11-14T12:02:04","date_gmt":"2025-11-14T11:02:04","guid":{"rendered":"https:\/\/waycare.app\/?page_id=15222"},"modified":"2025-12-09T16:26:51","modified_gmt":"2025-12-09T15:26:51","slug":"cgu-particulier","status":"publish","type":"page","link":"https:\/\/waycare.app\/en\/cgu-particulier\/","title":{"rendered":"Conditions G\u00e9n\u00e9rales d&#8217;Utilisation &#8211; Particulier"},"content":{"rendered":"<div data-elementor-type=\"wp-page\" data-elementor-id=\"15222\" class=\"elementor elementor-15222\" data-elementor-post-type=\"page\">\n\t\t\t\t<div class=\"elementor-element elementor-element-7b3a669 e-flex e-con-boxed e-con e-parent\" data-id=\"7b3a669\" data-element_type=\"container\" data-e-type=\"container\">\n\t\t\t\t\t<div class=\"e-con-inner\">\n\t\t\t\t<div class=\"elementor-element elementor-element-578ee27 mas-addons-sticky-no elementor-widget elementor-widget-text-editor\" data-id=\"578ee27\" data-element_type=\"widget\" data-e-type=\"widget\" data-settings=\"{&quot;mas_addons_sticky&quot;:&quot;no&quot;}\" data-widget_type=\"text-editor.default\">\n\t\t\t\t<div class=\"elementor-widget-container\">\n\t\t\t\t\t\t\t\t\t<p data-start=\"593\" data-end=\"675\"><strong data-start=\"593\" data-end=\"675\">Version Particulier &#8211; Utilisateurs de l\u2019application mobile WayCare<br data-start=\"3030\" data-end=\"3033\" \/><\/strong><\/p><p data-start=\"677\" data-end=\"713\">Derni\u00e8re mise \u00e0 jour : 14 Novembre 2025<\/p><h2 data-start=\"381\" data-end=\"405\"><strong data-start=\"384\" data-end=\"405\">ARTICLE 1 \u2013 OBJET<\/strong><\/h2><p data-start=\"406\" data-end=\"714\">Les pr\u00e9sentes Conditions G\u00e9n\u00e9rales d\u2019Utilisation (ci-apr\u00e8s \u201cCGU\u201d) d\u00e9finissent les r\u00e8gles d\u2019utilisation de l\u2019application mobile <strong data-start=\"533\" data-end=\"544\">WayCare<\/strong>, destin\u00e9e aux conducteurs souhaitant suivre l\u2019entretien de leur v\u00e9hicule, recevoir des notifications personnalis\u00e9es et conserver leurs documents dans un espace s\u00e9curis\u00e9.<\/p><p data-start=\"716\" data-end=\"815\">En utilisant l&#8217;application, l\u2019utilisateur reconna\u00eet avoir lu, compris et accept\u00e9 les pr\u00e9sentes CGU.<\/p><hr data-start=\"817\" data-end=\"820\" \/><h2 data-start=\"822\" data-end=\"860\"><strong data-start=\"825\" data-end=\"860\">ARTICLE 2 \u2013 \u00c9DITEURS DU SERVICE<\/strong><\/h2><h3 data-start=\"862\" data-end=\"896\"><strong data-start=\"866\" data-end=\"894\">En Tunisie \u2013 XELERO SARL<\/strong><\/h3><p data-start=\"897\" data-end=\"1007\">Matricule fiscal : 1697170V<br data-start=\"924\" data-end=\"927\" \/>Adresse : 2 Rue Ibrahim Jaffel, 1004 Tunis, Tunisie<br data-start=\"978\" data-end=\"981\" \/>E-mail : <a class=\"decorated-link cursor-pointer\" rel=\"noopener\" data-start=\"990\" data-end=\"1007\">contact@xelero.io<\/a><\/p><h3 data-start=\"1009\" data-end=\"1059\"><strong data-start=\"1013\" data-end=\"1057\">En France \u2013 Digitall (auto-entrepreneur)<\/strong><\/h3><p data-start=\"1060\" data-end=\"1173\">SIRET : 91861004900010<br data-start=\"1082\" data-end=\"1085\" \/>Adresse : 8 Rue de la R\u00e9publique, 13001 Marseille, France<br data-start=\"1142\" data-end=\"1145\" \/>E-mail : <a class=\"decorated-link cursor-pointer\" rel=\"noopener\" data-start=\"1154\" data-end=\"1173\">contact@waycare.app<\/a><\/p><p data-start=\"1175\" data-end=\"1283\">Les services WayCare sont op\u00e9r\u00e9s conjointement par les deux entit\u00e9s, selon la localisation de l\u2019utilisateur.<\/p><hr data-start=\"1285\" data-end=\"1288\" \/><h2 data-start=\"1290\" data-end=\"1331\"><strong data-start=\"1293\" data-end=\"1331\">ARTICLE 3 \u2013 DESCRIPTION DU SERVICE<\/strong><\/h2><p data-start=\"1333\" data-end=\"1379\">L&#8217;application WayCare permet \u00e0 l\u2019utilisateur :<\/p><ol data-start=\"1381\" data-end=\"1884\"><li data-start=\"1381\" data-end=\"1431\"><p data-start=\"1384\" data-end=\"1431\"><strong data-start=\"1384\" data-end=\"1428\">De cr\u00e9er un compte personnel et s\u00e9curis\u00e9<\/strong>,<\/p><\/li><li data-start=\"1432\" data-end=\"1481\"><p data-start=\"1435\" data-end=\"1481\"><strong data-start=\"1435\" data-end=\"1478\">D\u2019enregistrer un ou plusieurs v\u00e9hicules<\/strong>,<\/p><\/li><li data-start=\"1482\" data-end=\"1577\"><p data-start=\"1485\" data-end=\"1577\"><strong data-start=\"1485\" data-end=\"1536\">D\u2019acc\u00e9der \u00e0 un suivi intelligent de l\u2019entretien<\/strong> (estimations, rappels, notifications),<\/p><\/li><li data-start=\"1578\" data-end=\"1662\"><p data-start=\"1581\" data-end=\"1662\"><strong data-start=\"1581\" data-end=\"1623\">De recevoir des conseils personnalis\u00e9s<\/strong> gr\u00e2ce \u00e0 l\u2019intelligence artificielle,<\/p><\/li><li data-start=\"1663\" data-end=\"1733\"><p data-start=\"1666\" data-end=\"1733\"><strong data-start=\"1666\" data-end=\"1730\">De conserver ses documents dans un Wallet num\u00e9rique s\u00e9curis\u00e9<\/strong>,<\/p><\/li><li data-start=\"1734\" data-end=\"1802\"><p data-start=\"1737\" data-end=\"1802\"><strong data-start=\"1737\" data-end=\"1799\">De consulter l\u2019historique d\u2019entretien et des notifications<\/strong>,<\/p><\/li><li data-start=\"1803\" data-end=\"1884\"><p data-start=\"1806\" data-end=\"1884\"><strong data-start=\"1806\" data-end=\"1868\">De communiquer avec sa concession ou son garage partenaire<\/strong>, si applicable.<\/p><\/li><\/ol><p data-start=\"1886\" data-end=\"1952\">Le service est fourni gratuitement pour l\u2019utilisateur particulier.<\/p><hr data-start=\"1954\" data-end=\"1957\" \/><h2 data-start=\"1959\" data-end=\"2013\"><strong data-start=\"1962\" data-end=\"2013\">ARTICLE 4 \u2013 CONDITIONS D\u2019ACC\u00c8S ET D\u2019UTILISATION<\/strong><\/h2><p data-start=\"2015\" data-end=\"2064\">Pour utiliser l\u2019application, l\u2019utilisateur doit :<\/p><ul data-start=\"2066\" data-end=\"2261\"><li data-start=\"2066\" data-end=\"2138\"><p data-start=\"2068\" data-end=\"2138\">t\u00e9l\u00e9charger l\u2019application WayCare depuis l\u2019App Store ou Google Play,<\/p><\/li><li data-start=\"2139\" data-end=\"2189\"><p data-start=\"2141\" data-end=\"2189\">cr\u00e9er un compte via une adresse e-mail valide,<\/p><\/li><li data-start=\"2190\" data-end=\"2221\"><p data-start=\"2192\" data-end=\"2221\">accepter les pr\u00e9sentes CGU,<\/p><\/li><li data-start=\"2222\" data-end=\"2261\"><p data-start=\"2224\" data-end=\"2261\">\u00eatre majeur et capable juridiquement.<\/p><\/li><\/ul><p data-start=\"2263\" data-end=\"2347\">L\u2019utilisateur s\u2019engage \u00e0 fournir des informations exactes et \u00e0 les maintenir \u00e0 jour.<\/p><hr data-start=\"2349\" data-end=\"2352\" \/><h2 data-start=\"2354\" data-end=\"2394\"><strong data-start=\"2357\" data-end=\"2394\">ARTICLE 5 \u2013 UTILISATION AUTORIS\u00c9E<\/strong><\/h2><p data-start=\"2395\" data-end=\"2415\">L\u2019utilisateur peut :<\/p><ul data-start=\"2417\" data-end=\"2598\"><li data-start=\"2417\" data-end=\"2459\"><p data-start=\"2419\" data-end=\"2459\">enregistrer un ou plusieurs v\u00e9hicules,<\/p><\/li><li data-start=\"2460\" data-end=\"2494\"><p data-start=\"2462\" data-end=\"2494\">mettre \u00e0 jour son kilom\u00e9trage,<\/p><\/li><li data-start=\"2495\" data-end=\"2536\"><p data-start=\"2497\" data-end=\"2536\">stocker ses documents dans le Wallet,<\/p><\/li><li data-start=\"2537\" data-end=\"2598\"><p data-start=\"2539\" data-end=\"2598\">utiliser l\u2019application pour son usage personnel uniquement.<\/p><\/li><\/ul><p data-start=\"2600\" data-end=\"2739\">Toute tentative de d\u00e9tournement, manipulation frauduleuse ou usage non conforme pourra entra\u00eener la suspension ou la suppression du compte.<\/p><hr data-start=\"2741\" data-end=\"2744\" \/><h2 data-start=\"2746\" data-end=\"2801\"><strong data-start=\"2749\" data-end=\"2801\">ARTICLE 6 \u2013 WALLET NUM\u00c9RIQUE (Documents crypt\u00e9s)<\/strong><\/h2><h3 data-start=\"2803\" data-end=\"2830\"><strong data-start=\"2807\" data-end=\"2830\">6.1. Fonctionnalit\u00e9<\/strong><\/h3><p data-start=\"2831\" data-end=\"2884\">L&#8217;utilisateur peut stocker dans son Wallet s\u00e9curis\u00e9 :<\/p><ul data-start=\"2886\" data-end=\"3012\"><li data-start=\"2886\" data-end=\"2902\"><p data-start=\"2888\" data-end=\"2902\">carte grise,<\/p><\/li><li data-start=\"2903\" data-end=\"2926\"><p data-start=\"2905\" data-end=\"2926\">permis de conduire,<\/p><\/li><li data-start=\"2927\" data-end=\"2955\"><p data-start=\"2929\" data-end=\"2955\">attestation d&#8217;assurance,<\/p><\/li><li data-start=\"2956\" data-end=\"2979\"><p data-start=\"2958\" data-end=\"2979\">contr\u00f4le technique,<\/p><\/li><li data-start=\"2980\" data-end=\"3003\"><p data-start=\"2982\" data-end=\"3003\">photos du v\u00e9hicule,<\/p><\/li><li data-start=\"3004\" data-end=\"3012\"><p data-start=\"3006\" data-end=\"3012\">m\u00e9mos.<\/p><\/li><\/ul><p data-start=\"3014\" data-end=\"3051\">Cette fonctionnalit\u00e9 est optionnelle.<\/p><h3 data-start=\"3053\" data-end=\"3095\"><strong data-start=\"3057\" data-end=\"3095\">6.2. Protection et confidentialit\u00e9<\/strong><\/h3><p data-start=\"3096\" data-end=\"3158\">Les documents du Wallet b\u00e9n\u00e9ficient d\u2019une s\u00e9curit\u00e9 renforc\u00e9e :<\/p><ul data-start=\"3160\" data-end=\"3431\"><li data-start=\"3160\" data-end=\"3195\"><p data-start=\"3162\" data-end=\"3195\"><strong data-start=\"3162\" data-end=\"3192\">chiffrement avant stockage<\/strong>,<\/p><\/li><li data-start=\"3196\" data-end=\"3227\"><p data-start=\"3198\" data-end=\"3227\"><strong data-start=\"3198\" data-end=\"3224\">chiffrement en transit<\/strong>,<\/p><\/li><li data-start=\"3228\" data-end=\"3257\"><p data-start=\"3230\" data-end=\"3257\"><strong data-start=\"3230\" data-end=\"3254\">chiffrement au repos<\/strong>,<\/p><\/li><li data-start=\"3258\" data-end=\"3281\"><p data-start=\"3260\" data-end=\"3281\"><strong data-start=\"3260\" data-end=\"3278\">stockage isol\u00e9<\/strong>,<\/p><\/li><li data-start=\"3282\" data-end=\"3319\"><p data-start=\"3284\" data-end=\"3319\"><strong data-start=\"3284\" data-end=\"3316\">aucun acc\u00e8s interne possible<\/strong>,<\/p><\/li><li data-start=\"3320\" data-end=\"3379\"><p data-start=\"3322\" data-end=\"3379\"><strong data-start=\"3322\" data-end=\"3376\">non transmissibles automatiquement \u00e0 la concession<\/strong>,<\/p><\/li><li data-start=\"3380\" data-end=\"3431\"><p data-start=\"3382\" data-end=\"3431\"><strong data-start=\"3382\" data-end=\"3430\">non utilis\u00e9s dans l\u2019IA, ni pour le marketing<\/strong>.<\/p><\/li><\/ul><p data-start=\"3433\" data-end=\"3502\">Seul l\u2019utilisateur peut visualiser ses documents depuis son appareil.<\/p><h3 data-start=\"3504\" data-end=\"3531\"><strong data-start=\"3508\" data-end=\"3531\">6.3. Responsabilit\u00e9<\/strong><\/h3><p data-start=\"3532\" data-end=\"3565\">L\u2019utilisateur reste responsable :<\/p><ul data-start=\"3567\" data-end=\"3745\"><li data-start=\"3567\" data-end=\"3603\"><p data-start=\"3569\" data-end=\"3603\">de la validit\u00e9 de ses documents,<\/p><\/li><li data-start=\"3604\" data-end=\"3668\"><p data-start=\"3606\" data-end=\"3668\">de la s\u00e9curit\u00e9 locale de son appareil (code PIN, biom\u00e9trie),<\/p><\/li><li data-start=\"3669\" data-end=\"3745\"><p data-start=\"3671\" data-end=\"3745\">de ne pas stocker des documents appartenant \u00e0 des tiers sans autorisation.<\/p><\/li><\/ul><hr data-start=\"3747\" data-end=\"3750\" \/><h2 data-start=\"3752\" data-end=\"3795\"><strong data-start=\"3755\" data-end=\"3795\">ARTICLE 7 \u2013 PROPRI\u00c9T\u00c9 INTELLECTUELLE<\/strong><\/h2><p data-start=\"3796\" data-end=\"3835\">Sont prot\u00e9g\u00e9s par les lois en vigueur :<\/p><ul data-start=\"3837\" data-end=\"3957\"><li data-start=\"3837\" data-end=\"3863\"><p data-start=\"3839\" data-end=\"3863\">l\u2019application WayCare,<\/p><\/li><li data-start=\"3864\" data-end=\"3904\"><p data-start=\"3866\" data-end=\"3904\">les contenus textuels et graphiques,<\/p><\/li><li data-start=\"3905\" data-end=\"3924\"><p data-start=\"3907\" data-end=\"3924\">les mod\u00e8les IA,<\/p><\/li><li data-start=\"3925\" data-end=\"3957\"><p data-start=\"3927\" data-end=\"3957\">les algorithmes et interfaces.<\/p><\/li><\/ul><p data-start=\"3959\" data-end=\"3979\">Il est interdit de :<\/p><ul data-start=\"3981\" data-end=\"4142\"><li data-start=\"3981\" data-end=\"4032\"><p data-start=\"3983\" data-end=\"4032\">copier, reproduire ou distribuer l\u2019application,<\/p><\/li><li data-start=\"4033\" data-end=\"4097\"><p data-start=\"4035\" data-end=\"4097\">tenter de la d\u00e9compiler ou d\u2019effectuer une r\u00e9tro-ing\u00e9nierie,<\/p><\/li><li data-start=\"4098\" data-end=\"4142\"><p data-start=\"4100\" data-end=\"4142\">d\u00e9tourner ou modifier les fonctionnalit\u00e9s.<\/p><\/li><\/ul><hr data-start=\"4144\" data-end=\"4147\" \/><h2 data-start=\"4149\" data-end=\"4192\"><strong data-start=\"4152\" data-end=\"4192\">ARTICLE 8 \u2013 DISPONIBILIT\u00c9 DU SERVICE<\/strong><\/h2><p data-start=\"4193\" data-end=\"4332\">WayCare s\u2019efforce d\u2019assurer la disponibilit\u00e9 continue de l&#8217;application mais ne garantit pas l\u2019absence d\u2019interruption, de panne ou d\u2019erreur.<\/p><p data-start=\"4334\" data-end=\"4402\">Des maintenances peuvent \u00eatre r\u00e9alis\u00e9es sans notification pr\u00e9alable.<\/p><hr data-start=\"4404\" data-end=\"4407\" \/><h2 data-start=\"4409\" data-end=\"4463\"><strong data-start=\"4412\" data-end=\"4463\">ARTICLE 9 \u2013 SUSPENSION ET SUPPRESSION DU COMPTE<\/strong><\/h2><p data-start=\"4465\" data-end=\"4522\">WayCare peut suspendre ou supprimer le compte en cas de :<\/p><ul data-start=\"4524\" data-end=\"4612\"><li data-start=\"4524\" data-end=\"4548\"><p data-start=\"4526\" data-end=\"4548\">non-respect des CGU,<\/p><\/li><li data-start=\"4549\" data-end=\"4560\"><p data-start=\"4551\" data-end=\"4560\">fraude,<\/p><\/li><li data-start=\"4561\" data-end=\"4578\"><p data-start=\"4563\" data-end=\"4578\">usage abusif,<\/p><\/li><li data-start=\"4579\" data-end=\"4612\"><p data-start=\"4581\" data-end=\"4612\">tentative d\u2019acc\u00e8s non autoris\u00e9.<\/p><\/li><\/ul><p data-start=\"4614\" data-end=\"4749\">L\u2019utilisateur peut supprimer son compte \u00e0 tout moment, depuis l&#8217;application ou en demandant sa suppression \u00e0 : <strong data-start=\"4725\" data-end=\"4748\"><a class=\"decorated-link cursor-pointer\" rel=\"noopener\" data-start=\"4727\" data-end=\"4746\">privacy@waycare.app<\/a><\/strong>.<\/p><hr data-start=\"4751\" data-end=\"4754\" \/><h2 data-start=\"4756\" data-end=\"4790\"><strong data-start=\"4759\" data-end=\"4790\">ARTICLE 10 \u2013 RESPONSABILIT\u00c9<\/strong><\/h2><p data-start=\"4792\" data-end=\"4832\">WayCare ne peut \u00eatre tenue responsable :<\/p><ul data-start=\"4834\" data-end=\"5076\"><li data-start=\"4834\" data-end=\"4893\"><p data-start=\"4836\" data-end=\"4893\">des informations incorrectes saisies par l\u2019utilisateur,<\/p><\/li><li data-start=\"4894\" data-end=\"4955\"><p data-start=\"4896\" data-end=\"4955\">de la non-r\u00e9alisation d\u2019un entretien ou d\u2019un rendez-vous,<\/p><\/li><li data-start=\"4956\" data-end=\"5019\"><p data-start=\"4958\" data-end=\"5019\">de l\u2019interpr\u00e9tation des conseils fournis par l\u2019application,<\/p><\/li><li data-start=\"5020\" data-end=\"5076\"><p data-start=\"5022\" data-end=\"5076\">de dommages indirects li\u00e9s \u00e0 l\u2019usage de l\u2019application.<\/p><\/li><\/ul><p data-start=\"5078\" data-end=\"5145\">L\u2019application ne remplace pas l\u2019avis d\u2019un professionnel automobile.<\/p><hr data-start=\"5147\" data-end=\"5150\" \/><h2 data-start=\"5152\" data-end=\"5201\"><strong data-start=\"5155\" data-end=\"5201\">ARTICLE 11 \u2013 DONN\u00c9ES PERSONNELLES (R\u00c9SUM\u00c9)<\/strong><\/h2><p data-start=\"5203\" data-end=\"5306\">L\u2019utilisation de l\u2019application implique la collecte et le traitement de certaines donn\u00e9es personnelles.<\/p><p data-start=\"5308\" data-end=\"5493\">Les informations d\u00e9taill\u00e9es se trouvent dans la <strong data-start=\"5356\" data-end=\"5411\">Politique de Confidentialit\u00e9 WayCare \u2013 Particuliers<\/strong>, accessible ici :<br data-start=\"5429\" data-end=\"5432\" \/><a class=\"decorated-link\" href=\"https:\/\/waycare.app\/en\/politique-de-confidentialite-particulier\/\" target=\"_new\" rel=\"noopener\" data-start=\"5432\" data-end=\"5493\">https:\/\/waycare.app\/politique-de-confidentialite-particulier\/<\/a><\/p><p data-start=\"5495\" data-end=\"5532\">Les donn\u00e9es ne sont jamais revendues.<\/p><p data-start=\"5534\" data-end=\"5599\">L\u2019utilisateur peut exercer ses droits :<br data-start=\"5573\" data-end=\"5576\" \/><strong data-start=\"5576\" data-end=\"5599\"><a class=\"decorated-link cursor-pointer\" rel=\"noopener\" data-start=\"5578\" data-end=\"5597\">privacy@waycare.app<\/a><\/strong><\/p><hr data-start=\"5601\" data-end=\"5604\" \/><h2 data-start=\"5606\" data-end=\"5646\"><strong data-start=\"5609\" data-end=\"5646\">ARTICLE 12 \u2013 MODIFICATION DES CGU<\/strong><\/h2><p data-start=\"5647\" data-end=\"5767\">WayCare peut modifier les pr\u00e9sentes CGU \u00e0 tout moment.<br data-start=\"5701\" data-end=\"5704\" \/>Toute modification importante sera notifi\u00e9e dans l&#8217;application.<\/p><p data-start=\"5769\" data-end=\"5866\">L\u2019utilisateur sera invit\u00e9 \u00e0 accepter la nouvelle version pour continuer d\u2019utiliser l\u2019application.<\/p><hr data-start=\"5868\" data-end=\"5871\" \/><h2 data-start=\"5873\" data-end=\"5909\"><strong data-start=\"5876\" data-end=\"5909\">ARTICLE 13 \u2013 DROIT APPLICABLE<\/strong><\/h2><p data-start=\"5910\" data-end=\"5950\">Selon la localisation de l\u2019utilisateur :<\/p><ul data-start=\"5952\" data-end=\"6094\"><li data-start=\"5952\" data-end=\"6023\"><p data-start=\"5954\" data-end=\"6023\">le <strong data-start=\"5957\" data-end=\"5975\">droit fran\u00e7ais<\/strong> s\u2019applique aux utilisateurs situ\u00e9s en France,<\/p><\/li><li data-start=\"6024\" data-end=\"6094\"><p data-start=\"6026\" data-end=\"6094\">le <strong data-start=\"6029\" data-end=\"6047\">droit tunisien<\/strong> s\u2019applique aux utilisateurs situ\u00e9s en Tunisie.<\/p><\/li><\/ul><p data-start=\"6096\" data-end=\"6168\">Tout litige sera port\u00e9 devant les tribunaux comp\u00e9tents du pays concern\u00e9.<\/p><hr data-start=\"6170\" data-end=\"6173\" \/><p data-start=\"6175\" data-end=\"6220\"><strong data-start=\"6177\" data-end=\"6220\">FIN DES CGU \u2013 Utilisateurs Particuliers<\/strong><\/p>\t\t\t\t\t\t\t\t<\/div>\n\t\t\t\t<\/div>\n\t\t\t\t\t<\/div>\n\t\t\t\t<\/div>\n\t\t\t\t<\/div>","protected":false},"excerpt":{"rendered":"<p>Version Particulier &#8211; Utilisateurs de l\u2019application mobile WayCare Derni\u00e8re mise \u00e0 jour : 14 Novembre 2025 ARTICLE 1 \u2013 OBJET Les pr\u00e9sentes Conditions G\u00e9n\u00e9rales d\u2019Utilisation (ci-apr\u00e8s \u201cCGU\u201d) d\u00e9finissent les r\u00e8gles d\u2019utilisation de l\u2019application mobile WayCare, destin\u00e9e aux conducteurs souhaitant suivre l\u2019entretien de leur v\u00e9hicule, recevoir des notifications personnalis\u00e9es et conserver leurs documents dans un espace [&hellip;]<\/p>","protected":false},"author":1,"featured_media":0,"parent":0,"menu_order":0,"comment_status":"closed","ping_status":"closed","template":"elementor_canvas","meta":{"inline_featured_image":false,"footnotes":""},"class_list":["post-15222","page","type-page","status-publish","hentry"],"acf":[],"_links":{"self":[{"href":"https:\/\/waycare.app\/en\/wp-json\/wp\/v2\/pages\/15222","targetHints":{"allow":["GET"]}}],"collection":[{"href":"https:\/\/waycare.app\/en\/wp-json\/wp\/v2\/pages"}],"about":[{"href":"https:\/\/waycare.app\/en\/wp-json\/wp\/v2\/types\/page"}],"author":[{"embeddable":true,"href":"https:\/\/waycare.app\/en\/wp-json\/wp\/v2\/users\/1"}],"replies":[{"embeddable":true,"href":"https:\/\/waycare.app\/en\/wp-json\/wp\/v2\/comments?post=15222"}],"version-history":[{"count":7,"href":"https:\/\/waycare.app\/en\/wp-json\/wp\/v2\/pages\/15222\/revisions"}],"predecessor-version":[{"id":15237,"href":"https:\/\/waycare.app\/en\/wp-json\/wp\/v2\/pages\/15222\/revisions\/15237"}],"wp:attachment":[{"href":"https:\/\/waycare.app\/en\/wp-json\/wp\/v2\/media?parent=15222"}],"curies":[{"name":"wp","href":"https:\/\/api.w.org\/{rel}","templated":true}]}}